{"id":2230,"date":"2020-03-23T21:07:22","date_gmt":"2020-03-23T19:07:22","guid":{"rendered":"https:\/\/videncial.com\/projects\/novoshorizontes\/?page_id=2230"},"modified":"2020-05-01T03:47:10","modified_gmt":"2020-05-01T03:47:10","slug":"integrados","status":"publish","type":"page","link":"https:\/\/novoshorizontes.net\/en\/nosso-negocio\/frango-de-corte\/integrados\/","title":{"rendered":"Out Growers"},"content":{"rendered":"<p>[vc_row][vc_column][vc_column_text el_class=&#8221;text-services&#8221;]O projeto integrado teve in\u00edcio no ano de 2007 e tem como objetivo o desenvolvimento de fam\u00edlias em suas capacidades, influenciar mudan\u00e7as sociais (casamento e lares), econ\u00f3micas (fam\u00edlias produtivas e generosas) e espirituais (mais pr\u00f3ximas do reino).<\/p>\n<p>As fam\u00edlias s\u00e3o propriet\u00e1rias de avi\u00e1rios na sua maioria nos seus quintais e fomentam a cria\u00e7\u00e3o de frangos de corte.<\/p>\n<p>Neste processo a NH fornece pintos de um (1) dia ra\u00e7\u00e3o, medicamentos, vacinas e t\u00e9cnicos formados e capacitados na \u00e1rea de modo a dar assist\u00eancia necess\u00e1ria para o processo de cria\u00e7\u00e3o.<\/p>\n<p>Atualmente contamos 151 fam\u00edlias no programa das quais 115 possuem infraestruturas pr\u00f3prias e as restantes 36 utilizam as da NH, todas as fam\u00edlias s\u00e3o residentes no distrito de Rapale e a nossa expectativa e ter fam\u00edlias est\u00e1veis em \u00e2mbito social e financeiro de modo que possam escolarizar seus filhos, garantir assist\u00eancia medica e medicamentosa e ainda uma habita\u00e7\u00e3o melhorada e condigna.<\/p>\n<p>[\/vc_column_text]\r\n\t\t<div class=\"themesflat-spacer \" data-desktop=\"50\" data-mobile=\"20\" data-smobile=\"20\">\t\t\t\r\n\t\t<\/div>[\/vc_column][\/vc_row][vc_row][vc_column][vc_raw_html]JTNDZGl2JTIwY2xhc3MlM0QlMjJkb3dubG9hZC1maWxlLWJ1dHRvbiUyMGNsZWFyZml4JTIyJTNFJTNDYSUyMGhyZWYlM0QlMjIlMjMlMjIlM0UlMEElM0NoNSUzRUJhaXhhciUyMEJyb2NodXJhJTIwZGUlMjBTZXJ2aSVDMyVBN29zJTIwJTNDc3BhbiUzRSUyOFBERiUyOSUzQyUyRnNwYW4lM0UlM0MlMkZoNSUzRSUwQSUzQyUyRmElM0UlM0MlMkZkaXYlM0U=[\/vc_raw_html][\/vc_column][\/vc_row]<\/p>","protected":false},"excerpt":{"rendered":"<p>[vc_row][vc_column][vc_column_text el_class=&#8221;text-services&#8221;]O projeto integrado teve in\u00edcio no ano de 2007 e tem como objetivo o desenvolvimento de fam\u00edlias em [&hellip;]<\/p>\n","protected":false},"author":7,"featured_media":0,"parent":2228,"menu_order":0,"comment_status":"closed","ping_status":"closed","template":"","meta":{"_exactmetrics_skip_tracking":false,"_exactmetrics_sitenote_active":false,"_exactmetrics_sitenote_note":"","_exactmetrics_sitenote_category":0,"footnotes":""},"class_list":["post-2230","page","type-page","status-publish","hentry"],"_links":{"self":[{"href":"https:\/\/novoshorizontes.net\/en\/wp-json\/wp\/v2\/pages\/2230"}],"collection":[{"href":"https:\/\/novoshorizontes.net\/en\/wp-json\/wp\/v2\/pages"}],"about":[{"href":"https:\/\/novoshorizontes.net\/en\/wp-json\/wp\/v2\/types\/page"}],"author":[{"embeddable":true,"href":"https:\/\/novoshorizontes.net\/en\/wp-json\/wp\/v2\/users\/7"}],"replies":[{"embeddable":true,"href":"https:\/\/novoshorizontes.net\/en\/wp-json\/wp\/v2\/comments?post=2230"}],"version-history":[{"count":3,"href":"https:\/\/novoshorizontes.net\/en\/wp-json\/wp\/v2\/pages\/2230\/revisions"}],"predecessor-version":[{"id":2618,"href":"https:\/\/novoshorizontes.net\/en\/wp-json\/wp\/v2\/pages\/2230\/revisions\/2618"}],"up":[{"embeddable":true,"href":"https:\/\/novoshorizontes.net\/en\/wp-json\/wp\/v2\/pages\/2228"}],"wp:attachment":[{"href":"https:\/\/novoshorizontes.net\/en\/wp-json\/wp\/v2\/media?parent=2230"}],"curies":[{"name":"wp","href":"https:\/\/api.w.org\/{rel}","templated":true}]}}