 


					     


					    {"id":59,"date":"2018-04-09T04:14:52","date_gmt":"2018-04-09T04:14:52","guid":{"rendered":"https:\/\/videncial.com\/projects\/novoshorizontes\/?page_id=59"},"modified":"2020-05-11T23:21:45","modified_gmt":"2020-05-11T23:21:45","slug":"noticias","status":"publish","type":"page","link":"https:\/\/novoshorizontes.net\/en\/noticias\/","title":{"rendered":"News"},"content":{"rendered":"<p><\/p>\n<p>[vc_row full_width=&#8221;stretch_row&#8221; default_id=&#8221;themesflat_1584545903&#8243;][vc_column]\t\t\t\t\r\n\t\t\t\t<div class=\"blog-shortcode  blog-grid blog-three-columns has-post-content\" data-items =\"3\" data-nav= \"true\" data-dot= \"true\" data-auto= \"false\">\r\n\t\t\t\t\t\r\n\t\t\t\t\t\t\t\t\t\t\t<article class=\"entry format-\">\r\n\t\t\t\t\t\t\t<div class=\"entry-border\">\r\n\t\t\t\t\t\t\t\t\r\n\t\t\t\t\t\t\t\t<div class=\"featured-post\"><a href=\"https:\/\/novoshorizontes.net\/en\/2021\/01\/23\/sem-agua-nao-ha-vida\/\"><img loading=\"lazy\" decoding=\"async\" width=\"750\" height=\"469\" src=\"https:\/\/novoshorizontes.net\/wp-content\/uploads\/2021\/01\/EP1-750x469.jpeg\" class=\"attachment-themesflat-blog-grid size-themesflat-blog-grid wp-post-image\" alt=\"\" \/><\/a><div class=\"data-box\">\r\n\t\t\t\t\t\t<h4>23<\/h4>\r\n\t\t\t\t\t\t<strong>Jan<\/strong>\r\n\t\t\t\t\t<\/div><\/div>\r\n\t\t\t\t\t\t\t\t\r\n\t\t\t\t\t\t\t\t<div class=\"content-post\">\r\n\t\t\t\t\t\t\t\t\t\t\t\r\n\t\t\t\t\t\t\t\t\t\t<div class=\"post-categories\"><a href=\"https:\/\/novoshorizontes.net\/en\/category\/noticias\/\" rel=\"category tag\">Noticias<\/a><\/div>\t\t\t\t\t\t\t\t\t\t\t\t\t\t\t\t\t\t<h2 class=\"entry-title\"><a href=\"https:\/\/novoshorizontes.net\/en\/2021\/01\/23\/sem-agua-nao-ha-vida\/\">Without water there is no life!<\/a><\/h2>\r\n\t\t\t\t\t\t\t\t\t\t\t\t\t\t\t\t\t\t\t\t\t\t\r\n\t\t\t\t\t\t\t\t\t\r\n\t\t\t\t\t\t\t\t\t\r\n\t\t\t\t\t\t\t\t\t\t\t\t\t\t\t\t\t\t \t\t\t\t\t\t\r\n\t\t\t\t\t\t\t\t\t<div class=\"entry-content \">\r\n\r\n\r\n\t\t\t\t\t\t\t\t\t\t<p>Novos Horizontes, through its executive board, promotes a water supply initiative for the population of the Namicopo neighborhood, where one of its farms is located, the initiative comes from the recognition of the difficulty of obtaining the precious liquid in the city of Nampula recently. Report any charge +258 84 [&hellip;]<\/p>\n\t\t\t\t\t\t\t\t\t\t\r\n\t\t\t\t\t\t\t\t\t<\/div>\r\n\t\t\t\t\t\t\t\t\t\t\t\t\t\t\t\t\t\r\n\t\t\t\t\t\t\t\t\t\r\n\t\t\t\t\t\t\t\t<\/div>\r\n\r\n\t\t\t\t\t\t\t<\/div>\r\n\t\t\t\t\t\t<\/article><!-- \/.entry -->\r\n\r\n\t\t\t\t\t\t\t\t\t\t\t\t<article class=\"entry format-\">\r\n\t\t\t\t\t\t\t<div class=\"entry-border\">\r\n\t\t\t\t\t\t\t\t\r\n\t\t\t\t\t\t\t\t<div class=\"featured-post\"><a href=\"https:\/\/novoshorizontes.net\/en\/2020\/10\/29\/queres-ser-criador-de-galinha-sasso\/\"><img loading=\"lazy\" decoding=\"async\" width=\"750\" height=\"469\" src=\"https:\/\/novoshorizontes.net\/wp-content\/uploads\/2020\/10\/SASSO-750x469.jpg\" class=\"attachment-themesflat-blog-grid size-themesflat-blog-grid wp-post-image\" alt=\"\" \/><\/a><div class=\"data-box\">\r\n\t\t\t\t\t\t<h4>29<\/h4>\r\n\t\t\t\t\t\t<strong>Oct<\/strong>\r\n\t\t\t\t\t<\/div><\/div>\r\n\t\t\t\t\t\t\t\t\r\n\t\t\t\t\t\t\t\t<div class=\"content-post\">\r\n\t\t\t\t\t\t\t\t\t\t\t\r\n\t\t\t\t\t\t\t\t\t\t<div class=\"post-categories\"><a href=\"https:\/\/novoshorizontes.net\/en\/category\/noticias\/\" rel=\"category tag\">Noticias<\/a><\/div>\t\t\t\t\t\t\t\t\t\t\t\t\t\t\t\t\t\t<h2 class=\"entry-title\"><a href=\"https:\/\/novoshorizontes.net\/en\/2020\/10\/29\/queres-ser-criador-de-galinha-sasso\/\">Do you want to be a SASSO chicken breeder?<\/a><\/h2>\r\n\t\t\t\t\t\t\t\t\t\t\t\t\t\t\t\t\t\t\t\t\t\t\r\n\t\t\t\t\t\t\t\t\t\r\n\t\t\t\t\t\t\t\t\t\r\n\t\t\t\t\t\t\t\t\t\t\t\t\t\t\t\t\t\t \t\t\t\t\t\t\r\n\t\t\t\t\t\t\t\t\t<div class=\"entry-content \">\r\n\r\n\r\n\t\t\t\t\t\t\t\t\t\t<p>Don&#8217;t miss this opportunity. Access the link below, fill out the documents and send to academia@novoshorizontes.net https:\/\/drive.google.com\/drive\/folders\/1vFelttp0TKVCxR5MbjgxhrjA95PujmKP?usp=sharing<\/p>\n\t\t\t\t\t\t\t\t\t\t\r\n\t\t\t\t\t\t\t\t\t<\/div>\r\n\t\t\t\t\t\t\t\t\t\t\t\t\t\t\t\t\t\r\n\t\t\t\t\t\t\t\t\t\r\n\t\t\t\t\t\t\t\t<\/div>\r\n\r\n\t\t\t\t\t\t\t<\/div>\r\n\t\t\t\t\t\t<\/article><!-- \/.entry -->\r\n\r\n\t\t\t\t\t\t\t\t\t\t\t\t<article class=\"entry format-\">\r\n\t\t\t\t\t\t\t<div class=\"entry-border\">\r\n\t\t\t\t\t\t\t\t\r\n\t\t\t\t\t\t\t\t<div class=\"featured-post\"><a href=\"https:\/\/novoshorizontes.net\/en\/2020\/07\/10\/2961\/\"><img loading=\"lazy\" decoding=\"async\" width=\"750\" height=\"469\" src=\"https:\/\/novoshorizontes.net\/wp-content\/uploads\/2020\/07\/oNLINE-750x469.png\" class=\"attachment-themesflat-blog-grid size-themesflat-blog-grid wp-post-image\" alt=\"\" \/><\/a><div class=\"data-box\">\r\n\t\t\t\t\t\t<h4>10<\/h4>\r\n\t\t\t\t\t\t<strong>Jul<\/strong>\r\n\t\t\t\t\t<\/div><\/div>\r\n\t\t\t\t\t\t\t\t\r\n\t\t\t\t\t\t\t\t<div class=\"content-post\">\r\n\t\t\t\t\t\t\t\t\t\t\t\r\n\t\t\t\t\t\t\t\t\t\t<div class=\"post-categories\"><a href=\"https:\/\/novoshorizontes.net\/en\/category\/uncategorized\/\" rel=\"category tag\">Uncategorized<\/a><\/div>\t\t\t\t\t\t\t\t\t\t\t\t\t\t\t\t\t\t<h2 class=\"entry-title\"><a href=\"https:\/\/novoshorizontes.net\/en\/2020\/07\/10\/2961\/\">Curso Online &#8211; Produ\u00e7\u00e3o Av\u00edcola (Cobb\/Ross e Sasso)<\/a><\/h2>\r\n\t\t\t\t\t\t\t\t\t\t\t\t\t\t\t\t\t\t\t\t\t\t\r\n\t\t\t\t\t\t\t\t\t\r\n\t\t\t\t\t\t\t\t\t\r\n\t\t\t\t\t\t\t\t\t\t\t\t\t\t\t\t\t\t \t\t\t\t\t\t\r\n\t\t\t\t\t\t\t\t\t<div class=\"entry-content \">\r\n\r\n\r\n\t\t\t\t\t\t\t\t\t\thttps:\/\/www.youtube.com\/watch?v=uF2q2-z5YHc\t\t\t\t\t\t\t\t\t\t\r\n\t\t\t\t\t\t\t\t\t<\/div>\r\n\t\t\t\t\t\t\t\t\t\t\t\t\t\t\t\t\t\r\n\t\t\t\t\t\t\t\t\t\r\n\t\t\t\t\t\t\t\t<\/div>\r\n\r\n\t\t\t\t\t\t\t<\/div>\r\n\t\t\t\t\t\t<\/article><!-- \/.entry -->\r\n\r\n\t\t\t\t\t\t\t\t\t\t\t\t<article class=\"entry format-\">\r\n\t\t\t\t\t\t\t<div class=\"entry-border\">\r\n\t\t\t\t\t\t\t\t\r\n\t\t\t\t\t\t\t\t<div class=\"featured-post\"><a href=\"https:\/\/novoshorizontes.net\/en\/2020\/06\/12\/oportunidade-de-negocio-saude-e-alimentacao\/\"><img loading=\"lazy\" decoding=\"async\" width=\"600\" height=\"469\" src=\"https:\/\/novoshorizontes.net\/wp-content\/uploads\/2020\/06\/SASSO-600x469.png\" class=\"attachment-themesflat-blog-grid size-themesflat-blog-grid wp-post-image\" alt=\"\" \/><\/a><div class=\"data-box\">\r\n\t\t\t\t\t\t<h4>12<\/h4>\r\n\t\t\t\t\t\t<strong>Jun<\/strong>\r\n\t\t\t\t\t<\/div><\/div>\r\n\t\t\t\t\t\t\t\t\r\n\t\t\t\t\t\t\t\t<div class=\"content-post\">\r\n\t\t\t\t\t\t\t\t\t\t\t\r\n\t\t\t\t\t\t\t\t\t\t<div class=\"post-categories\"><a href=\"https:\/\/novoshorizontes.net\/en\/category\/noticias\/\" rel=\"category tag\">Noticias<\/a><\/div>\t\t\t\t\t\t\t\t\t\t\t\t\t\t\t\t\t\t<h2 class=\"entry-title\"><a href=\"https:\/\/novoshorizontes.net\/en\/2020\/06\/12\/oportunidade-de-negocio-saude-e-alimentacao\/\">Business opportunity, health and food<\/a><\/h2>\r\n\t\t\t\t\t\t\t\t\t\t\t\t\t\t\t\t\t\t\t\t\t\t\r\n\t\t\t\t\t\t\t\t\t\r\n\t\t\t\t\t\t\t\t\t\r\n\t\t\t\t\t\t\t\t\t\t\t\t\t\t\t\t\t\t \t\t\t\t\t\t\r\n\t\t\t\t\t\t\t\t\t<div class=\"entry-content \">\r\n\r\n\r\n\t\t\t\t\t\t\t\t\t\t<p>Sasso, also known as African chicken is a bird with a dual purpose, offering meat and eggs, very resistant to disease and very suitable for rural conditions.<\/p>\n\t\t\t\t\t\t\t\t\t\t\r\n\t\t\t\t\t\t\t\t\t<\/div>\r\n\t\t\t\t\t\t\t\t\t\t\t\t\t\t\t\t\t\r\n\t\t\t\t\t\t\t\t\t\r\n\t\t\t\t\t\t\t\t<\/div>\r\n\r\n\t\t\t\t\t\t\t<\/div>\r\n\t\t\t\t\t\t<\/article><!-- \/.entry -->\r\n\r\n\t\t\t\t\t\t\t\t\t\t\t\t<article class=\"entry format-\">\r\n\t\t\t\t\t\t\t<div class=\"entry-border\">\r\n\t\t\t\t\t\t\t\t\r\n\t\t\t\t\t\t\t\t<div class=\"featured-post\"><a href=\"https:\/\/novoshorizontes.net\/en\/2020\/06\/04\/oportunidade-de-negocio\/\"><img loading=\"lazy\" decoding=\"async\" width=\"750\" height=\"429\" src=\"https:\/\/novoshorizontes.net\/wp-content\/uploads\/2020\/06\/milho-2-750x429.png\" class=\"attachment-themesflat-blog-grid size-themesflat-blog-grid wp-post-image\" alt=\"\" \/><\/a><div class=\"data-box\">\r\n\t\t\t\t\t\t<h4>04<\/h4>\r\n\t\t\t\t\t\t<strong>Jun<\/strong>\r\n\t\t\t\t\t<\/div><\/div>\r\n\t\t\t\t\t\t\t\t\r\n\t\t\t\t\t\t\t\t<div class=\"content-post\">\r\n\t\t\t\t\t\t\t\t\t\t\t\r\n\t\t\t\t\t\t\t\t\t\t<div class=\"post-categories\"><a href=\"https:\/\/novoshorizontes.net\/en\/category\/noticias\/\" rel=\"category tag\">Noticias<\/a><\/div>\t\t\t\t\t\t\t\t\t\t\t\t\t\t\t\t\t\t<h2 class=\"entry-title\"><a href=\"https:\/\/novoshorizontes.net\/en\/2020\/06\/04\/oportunidade-de-negocio\/\">Business opportunity<\/a><\/h2>\r\n\t\t\t\t\t\t\t\t\t\t\t\t\t\t\t\t\t\t\t\t\t\t\r\n\t\t\t\t\t\t\t\t\t\r\n\t\t\t\t\t\t\t\t\t\r\n\t\t\t\t\t\t\t\t\t\t\t\t\t\t\t\t\t\t \t\t\t\t\t\t\r\n\t\t\t\t\t\t\t\t\t<div class=\"entry-content \">\r\n\r\n\r\n\t\t\t\t\t\t\t\t\t\t<p>Novos Horizontes hereby communicates to all farmers that we are interested in purchasing dry corn in large quantities at 14.00mts \/ kg, if you are a farmer and have stock of the mentioned product do not hesitate to contact. Note: The price includes delivery to our farm in Rapale Parcela [&hellip;]<\/p>\n\t\t\t\t\t\t\t\t\t\t\r\n\t\t\t\t\t\t\t\t\t<\/div>\r\n\t\t\t\t\t\t\t\t\t\t\t\t\t\t\t\t\t\r\n\t\t\t\t\t\t\t\t\t\r\n\t\t\t\t\t\t\t\t<\/div>\r\n\r\n\t\t\t\t\t\t\t<\/div>\r\n\t\t\t\t\t\t<\/article><!-- \/.entry -->\r\n\r\n\t\t\t\t\t\t\t\t\t\t\t\t<article class=\"entry format-\">\r\n\t\t\t\t\t\t\t<div class=\"entry-border\">\r\n\t\t\t\t\t\t\t\t\r\n\t\t\t\t\t\t\t\t\r\n\t\t\t\t\t\t\t\t\r\n\t\t\t\t\t\t\t\t<div class=\"content-post\">\r\n\t\t\t\t\t\t\t\t\t\t\t\r\n\t\t\t\t\t\t\t\t\t\t<div class=\"post-categories\"><a href=\"https:\/\/novoshorizontes.net\/en\/category\/noticias\/\" rel=\"category tag\">Noticias<\/a><\/div>\t\t\t\t\t\t\t\t\t\t\t\t\t\t\t\t\t\t<h2 class=\"entry-title\"><a href=\"https:\/\/novoshorizontes.net\/en\/2020\/06\/04\/feliz-dia-internacional-da-crianca\/\">Happy International Children&#8217;s Day<\/a><\/h2>\r\n\t\t\t\t\t\t\t\t\t\t\t\t\t\t\t\t\t\t\t\t\t\t\r\n\t\t\t\t\t\t\t\t\t\r\n\t\t\t\t\t\t\t\t\t\r\n\t\t\t\t\t\t\t\t\t\t\t\t\t\t\t\t\t\t \t\t\t\t\t\t\r\n\t\t\t\t\t\t\t\t\t<div class=\"entry-content \">\r\n\r\n\r\n\t\t\t\t\t\t\t\t\t\tBeing a child means being happy and enjoying all moments of life intensely. Parents and guardians keep our children protected from COVID-19.\t\t\t\t\t\t\t\t\t\t\r\n\t\t\t\t\t\t\t\t\t<\/div>\r\n\t\t\t\t\t\t\t\t\t\t\t\t\t\t\t\t\t\r\n\t\t\t\t\t\t\t\t\t\r\n\t\t\t\t\t\t\t\t<\/div>\r\n\r\n\t\t\t\t\t\t\t<\/div>\r\n\t\t\t\t\t\t<\/article><!-- \/.entry -->\r\n\r\n\t\t\t\t\t\t<\/div>\t\t\t\t\t\t<div>\r\n\t\t\t\t\t\t\t\t\t\t\t\t\t<\/div>\r\n\t\t\t\t\t\r\n\t\t<div class=\"themesflat-spacer \" data-desktop=\"90\" data-mobile=\"40\" data-smobile=\"30\">\t\t\t\r\n\t\t<\/div>[\/vc_column][\/vc_row][vc_row full_width=&#8221;stretch_row&#8221; default_id=&#8221;themesflat_1589239295&#8243; css=&#8221;.vc_custom_1589239302421{background-color: #ffb102 !important;}&#8221;][vc_column][vc_raw_html]JTNDZGl2JTIwaWQlM0QlMjJzdG9wJTIyJTIwY2xhc3MlM0QlMjJmbGF0LWNhbGwtYmFjayUyMiUyMHN0eWxlJTNEJTIyYm9yZGVyLXRvcCUzQSUyMDBweCUzQiUyMiUzRSUwQSUyMCUyMCUyMCUyMCUyMCUyMCUyMCUyMCUzQ2RpdiUyMGNsYXNzJTNEJTIyY29udGFpbmVyJTIyJTNFJTBBJTIwJTIwJTIwJTIwJTIwJTIwJTIwJTIwJTIwJTIwJTIwJTIwJTNDZGl2JTIwY2xhc3MlM0QlMjJyb3clMjIlM0UlMEElMjAlMjAlMjAlMjAlMjAlMjAlMjAlMjAlMjAlMjAlMjAlMjAlMjAlMjAlMjAlMjAlM0NkaXYlMjBjbGFzcyUzRCUyMmNvbC1tZC0xMiUyMiUzRSUwQSUyMCUyMCUyMCUyMCUyMCUyMCUyMCUyMCUyMCUyMCUyMCUyMCUyMCUyMCUyMCUyMCUyMCUyMCUyMCUyMCUzQ2RpdiUyMGNsYXNzJTNEJTIydGl0bGUtc2VjdGlvbiUyMiUzRSUwQSUyMCUyMCUyMCUyMCUyMCUyMCUyMCUyMCUyMCUyMCUyMCUyMCUyMCUyMCUyMCUyMCUyMCUyMCUyMCUyMCUyMCUyMCUyMCUzQ2g2JTNFS25vdyUyMGhvdyUyMHRvJTIwc3RhcnQlMjBhJTIwc3VjY2Vzc2Z1bCUyMGJ1c2luZXNzJTNGJTNDJTJGaDYlM0UlMEElMjAlMjAlMjAlMjAlMjAlMjAlMjAlMjAlMjAlMjAlMjAlMjAlMjAlMjAlMjAlMjAlMjAlMjAlMjAlMjAlM0MlMkZkaXYlM0UlMjAlMEElMjAlMjAlMjAlMjAlMjAlMjAlMjAlMjAlMjAlMjAlMjAlMjAlMjAlMjAlMjAlMjAlMjAlMjAlMjAlMjAlM0NhJTIwaHJlZiUzRCUyMiUyRmNvbnRhY3RvJTIyJTIwY2xhc3MlM0QlMjJidXR0b24tY29udGFjdCUyMiUzRUNvbnRhY3QlMjBVcyUyMFRvZGF5JTNDJTJGYSUzRSUyMCUyMCUyMCUyMCUyMCUyMCUyMCUyMCUyMCUyMCUyMCUyMCUyMCUyMCUyMCUyMCUyMCUyMCUyMCUyMCUwQSUyMCUyMCUyMCUyMCUyMCUyMCUyMCUyMCUyMCUyMCUyMCUyMCUyMCUyMCUyMCUyMCUzQyUyRmRpdiUzRSUyMCUyMCUyMCUyMCUyMCUyMCUyMCUyMCUyMCUyMCUyMCUwQSUyMCUyMCUyMCUyMCUyMCUyMCUyMCUyMCUyMCUyMCUyMCUyMCUzQyUyRmRpdiUzRSUwQSUyMCUyMCUyMCUyMCUyMCUyMCUyMCUyMCUzQyUyRmRpdiUzRSUwQSUyMCUyMCUyMCUyMCUzQyUyRmRpdiUzRQ==[\/vc_raw_html][\/vc_column][\/vc_row]<\/p>\n<p><\/p>","protected":false},"excerpt":{"rendered":"<p>[vc_row full_width=&#8221;stretch_row&#8221; default_id=&#8221;themesflat_1584545903&#8243;][vc_column][\/vc_column][\/vc_row][vc_row full_width=&#8221;stretch_row&#8221; default_id=&#8221;themesflat_1589239295&#8243; css=&#8221;.vc_custom_1589239302421{background-color: #ffb102 !important;}&#8221;][vc_column][vc_raw_html]JTNDZGl2JTIwaWQlM0QlMjJzdG9wJTIyJTIwY2xhc3MlM0QlMjJmbGF0LWNhbGwtYmFjayUyMiUyMHN0eWxlJTNEJTIyYm9yZGVyLXRvcCUzQSUyMDBweCUzQiUyMiUzRSUwQSUyMCUyMCUyMCUyMCUyMCUyMCUyMCUyMCUzQ2RpdiUyMGNsYXNzJTNEJTIyY29udGFpbmVyJTIyJTNFJTBBJTIwJTIwJTIwJTIwJTIwJTIwJTIwJTIwJTIwJTIwJTIwJTIwJTNDZGl2JTIwY2xhc3MlM0QlMjJyb3clMjIlM0UlMEElMjAlMjAlMjAlMjAlMjAlMjAlMjAlMjAlMjAlMjAlMjAlMjAlMjAlMjAlMjAlMjAlM0NkaXYlMjBjbGFzcyUzRCUyMmNvbC1tZC0xMiUyMiUzRSUwQSUyMCUyMCUyMCUyMCUyMCUyMCUyMCUyMCUyMCUyMCUyMCUyMCUyMCUyMCUyMCUyMCUyMCUyMCUyMCUyMCUzQ2RpdiUyMGNsYXNzJTNEJTIydGl0bGUtc2VjdGlvbiUyMiUzRSUwQSUyMCUyMCUyMCUyMCUyMCUyMCUyMCUyMCUyMCUyMCUyMCUyMCUyMCUyMCUyMCUyMCUyMCUyMCUyMCUyMCUyMCUyMCUyMCUzQ2g2JTNFS25vdyUyMGhvdyUyMHRvJTIwc3RhcnQlMjBhJTIwc3VjY2Vzc2Z1bCUyMGJ1c2luZXNzJTNGJTNDJTJGaDYlM0UlMEElMjAlMjAlMjAlMjAlMjAlMjAlMjAlMjAlMjAlMjAlMjAlMjAlMjAlMjAlMjAlMjAlMjAlMjAlMjAlMjAlM0MlMkZkaXYlM0UlMjAlMEElMjAlMjAlMjAlMjAlMjAlMjAlMjAlMjAlMjAlMjAlMjAlMjAlMjAlMjAlMjAlMjAlMjAlMjAlMjAlMjAlM0NhJTIwaHJlZiUzRCUyMiUyRmNvbnRhY3RvJTIyJTIwY2xhc3MlM0QlMjJidXR0b24tY29udGFjdCUyMiUzRUNvbnRhY3QlMjBVcyUyMFRvZGF5JTNDJTJGYSUzRSUyMCUyMCUyMCUyMCUyMCUyMCUyMCUyMCUyMCUyMCUyMCUyMCUyMCUyMCUyMCUyMCUyMCUyMCUyMCUyMCUwQSUyMCUyMCUyMCUyMCUyMCUyMCUyMCUyMCUyMCUyMCUyMCUyMCUyMCUyMCUyMCUyMCUzQyUyRmRpdiUzRSUyMCUyMCUyMCUyMCUyMCUyMCUyMCUyMCUyMCUyMCUyMCUwQSUyMCUyMCUyMCUyMCUyMCUyMCUyMCUyMCUyMCUyMCUyMCUyMCUzQyUyRmRpdiUzRSUwQSUyMCUyMCUyMCUyMCUyMCUyMCUyMCUyMCUzQyUyRmRpdiUzRSUwQSUyMCUyMCUyMCUyMCUzQyUyRmRpdiUzRQ==[\/vc_raw_html][\/vc_column][\/vc_row]<\/p>\n","protected":false},"author":7,"featured_media":0,"parent":0,"menu_order":0,"comment_status":"closed","ping_status":"closed","template":"tpl\/page_fullwidth.php","meta":{"_exactmetrics_skip_tracking":false,"_exactmetrics_sitenote_active":false,"_exactmetrics_sitenote_note":"","_exactmetrics_sitenote_category":0,"footnotes":""},"class_list":["post-59","page","type-page","status-publish","hentry"],"_links":{"self":[{"href":"https:\/\/novoshorizontes.net\/en\/wp-json\/wp\/v2\/pages\/59"}],"collection":[{"href":"https:\/\/novoshorizontes.net\/en\/wp-json\/wp\/v2\/pages"}],"about":[{"href":"https:\/\/novoshorizontes.net\/en\/wp-json\/wp\/v2\/types\/page"}],"author":[{"embeddable":true,"href":"https:\/\/novoshorizontes.net\/en\/wp-json\/wp\/v2\/users\/7"}],"replies":[{"embeddable":true,"href":"https:\/\/novoshorizontes.net\/en\/wp-json\/wp\/v2\/comments?post=59"}],"version-history":[{"count":4,"href":"https:\/\/novoshorizontes.net\/en\/wp-json\/wp\/v2\/pages\/59\/revisions"}],"predecessor-version":[{"id":2786,"href":"https:\/\/novoshorizontes.net\/en\/wp-json\/wp\/v2\/pages\/59\/revisions\/2786"}],"wp:attachment":[{"href":"https:\/\/novoshorizontes.net\/en\/wp-json\/wp\/v2\/media?parent=59"}],"curies":[{"name":"wp","href":"https:\/\/api.w.org\/{rel}","templated":true}]}}