{"id":688,"date":"2018-04-23T06:52:04","date_gmt":"2018-04-23T04:52:04","guid":{"rendered":"https:\/\/videncial.com\/projects\/novoshorizontes\/?page_id=688"},"modified":"2020-05-26T21:58:03","modified_gmt":"2020-05-26T21:58:03","slug":"nosso-negocio","status":"publish","type":"page","link":"https:\/\/novoshorizontes.net\/en\/nosso-negocio\/","title":{"rendered":"Value Chain"},"content":{"rendered":"<p>[vc_row full_width=&#8221;stretch_row&#8221; default_id=&#8221;themesflat_1524534705&#8243;][vc_column]<div class=\"title-section center  center \">\r\n\t\t\r\n\t\t<h2 class=\"title\" style=\"\r\n\t\t\tfont-size: 35px;\r\n\t\t\tfont-weight: 500;\r\n\t\t\tline-height: 48px;\r\n\t\t\tcolor: #111111;\r\n\t\t\tmargin-bottom: 2px;\r\n\t\t\tletter-spacing: 0px;\r\n\t\t\">\r\n\t\t\tOur Business\r\n\t\t<\/h2>\t\r\n\t\t<div class=\"title-line\"><\/div>\t\t\t\r\n\t\t\r\n\r\n\t<\/div>\r\n\t\t<div class=\"themesflat-spacer \" data-desktop=\"33\" data-mobile=\"25\" data-smobile=\"20\">\t\t\t\r\n\t\t<\/div>[vc_row_inner][vc_column_inner width=&#8221;1\/3&#8243;]\t<div class=\"themesflat_imagebox  style4 themesflat_1524467305\">\r\n\t\t<div class=\"imagebox-wrapper\">\r\n\r\n\t\t\t\t\t\t\t\t\t\t\t<div class=\"imagebox-image\" style = \"border-radius:0px\">\r\n\t\t\t\t\t<a href=\"\/reprodutores\" ><img loading=\"lazy\" decoding=\"async\" class=\"\" src=\"https:\/\/novoshorizontes.net\/wp-content\/uploads\/2020\/03\/about-360x200.jpg\" width=\"360\" height=\"200\" alt=\"about\" title=\"about\" \/><\/a>\t\t\t\t<\/div>\r\n\t\t\t\t\t\t\t\t\t\t\r\n\t\t\t\r\n\r\n\t\t\t<div class=\"imagebox-content\">\r\n\t\t\t\t\t\t\t\t<div class=\"imagebox-header\">\r\n\r\n\t\t\t\t\t\t\t\t\t\t\r\n\t\t\t\t\t<h3 class=\"imagebox-title\">\r\n\t\t\t\t\t\t<a href=\"\/reprodutores\">\r\n\t\t\t\t\t\t\tBreeders\t\t\t\t\t\t<\/a>\t\r\n\t\t\t\t\t<\/h3>\r\n\t\t\t\t\t\t\t\t\t\t\r\n\t\t\t\t\t\t\t\t\t\t\t\t\t\t\t\t\r\n\t\t\t\t<\/div>\r\n\t\t\t\t\t\t\t\t\t<div class=\"imagebox-desc\">\r\n\t\t\t\t\t\t<p>This is an essential department for the production chain&#8230;<\/p>\n\t\t\t\t\t<\/div>\r\n\t\t\t\t\t\t\t\t\r\n\t\t\t\t\t\r\n\t\t\t\t\t\t\t<\/div>\r\n\t\t<\/div>\r\n\t<\/div>\t\r\n\t<div class=\"themesflat_imagebox  style4 themesflat_1524467305\">\r\n\t\t<div class=\"imagebox-wrapper\">\r\n\r\n\t\t\t\t\t\t\t\t\t\t\t<div class=\"imagebox-image\" style = \"border-radius:0px\">\r\n\t\t\t\t\t<a href=\"#\" ><img loading=\"lazy\" decoding=\"async\" class=\"\" src=\"https:\/\/novoshorizontes.net\/wp-content\/uploads\/2020\/03\/Fabrica-de-racao-13-360x200.jpg\" width=\"360\" height=\"200\" alt=\"Fabrica de racao (13)\" title=\"Fabrica de racao (13)\" \/><\/a>\t\t\t\t<\/div>\r\n\t\t\t\t\t\t\t\t\t\t\r\n\t\t\t\r\n\r\n\t\t\t<div class=\"imagebox-content\">\r\n\t\t\t\t\t\t\t\t<div class=\"imagebox-header\">\r\n\r\n\t\t\t\t\t\t\t\t\t\t\r\n\t\t\t\t\t<h3 class=\"imagebox-title\">\r\n\t\t\t\t\t\t<a href=\"#\">\r\n\t\t\t\t\t\t\tFeed Mill\t\t\t\t\t\t<\/a>\t\r\n\t\t\t\t\t<\/h3>\r\n\t\t\t\t\t\t\t\t\t\t\r\n\t\t\t\t\t\t\t\t\t\t\t\t\t\t\t\t\r\n\t\t\t\t<\/div>\r\n\t\t\t\t\t\t\t\t\t<div class=\"imagebox-desc\">\r\n\t\t\t\t\t\t<p>The NH feed mill produces a full range of feed\u2026<\/p>\n\t\t\t\t\t<\/div>\r\n\t\t\t\t\t\t\t\t\r\n\t\t\t\t\t\r\n\t\t\t\t\t\t\t<\/div>\r\n\t\t<\/div>\r\n\t<\/div>\t\r\n[\/vc_column_inner][vc_column_inner width=&#8221;1\/3&#8243;]\t<div class=\"themesflat_imagebox  style4 themesflat_1524467305\">\r\n\t\t<div class=\"imagebox-wrapper\">\r\n\r\n\t\t\t\t\t\t\t\t\t\t\t<div class=\"imagebox-image\" style = \"border-radius:0px\">\r\n\t\t\t\t\t<a href=\"#\" ><img loading=\"lazy\" decoding=\"async\" class=\"\" src=\"https:\/\/novoshorizontes.net\/wp-content\/uploads\/2020\/03\/Chocadeira-1-360x200.jpg\" width=\"360\" height=\"200\" alt=\"Chocadeira\" title=\"Chocadeira\" \/><\/a>\t\t\t\t<\/div>\r\n\t\t\t\t\t\t\t\t\t\t\r\n\t\t\t\r\n\r\n\t\t\t<div class=\"imagebox-content\">\r\n\t\t\t\t\t\t\t\t<div class=\"imagebox-header\">\r\n\r\n\t\t\t\t\t\t\t\t\t\t\r\n\t\t\t\t\t<h3 class=\"imagebox-title\">\r\n\t\t\t\t\t\t<a href=\"#\">\r\n\t\t\t\t\t\t\tHatchery\t\t\t\t\t\t<\/a>\t\r\n\t\t\t\t\t<\/h3>\r\n\t\t\t\t\t\t\t\t\t\t\r\n\t\t\t\t\t\t\t\t\t\t\t\t\t\t\t\t\r\n\t\t\t\t<\/div>\r\n\t\t\t\t\t\t\t\t\t<div class=\"imagebox-desc\">\r\n\t\t\t\t\t\t<p>O incubat\u00f3rio \u00e9 um local onde os ovos de galinha s\u00e3o chocados&#8230;<\/p>\n\t\t\t\t\t<\/div>\r\n\t\t\t\t\t\t\t\t\r\n\t\t\t\t\t\r\n\t\t\t\t\t\t\t<\/div>\r\n\t\t<\/div>\r\n\t<\/div>\t\r\n\t<div class=\"themesflat_imagebox  style4 themesflat_1524467305\">\r\n\t\t<div class=\"imagebox-wrapper\">\r\n\r\n\t\t\t\t\t\t\t\t\t\t\t<div class=\"imagebox-image\" style = \"border-radius:0px\">\r\n\t\t\t\t\t<a href=\"\/nosso-negocio\/matadouro\/\" ><img loading=\"lazy\" decoding=\"async\" class=\"\" src=\"https:\/\/novoshorizontes.net\/wp-content\/uploads\/2020\/04\/Laboratorio-6-1-360x200.jpg\" width=\"360\" height=\"200\" alt=\"Laboratorio (6)\" title=\"Laboratorio (6)\" \/><\/a>\t\t\t\t<\/div>\r\n\t\t\t\t\t\t\t\t\t\t\r\n\t\t\t\r\n\r\n\t\t\t<div class=\"imagebox-content\">\r\n\t\t\t\t\t\t\t\t<div class=\"imagebox-header\">\r\n\r\n\t\t\t\t\t\t\t\t\t\t\r\n\t\t\t\t\t<h3 class=\"imagebox-title\">\r\n\t\t\t\t\t\t<a href=\"\/nosso-negocio\/matadouro\/\">\r\n\t\t\t\t\t\t\tAbattoir\t\t\t\t\t\t<\/a>\t\r\n\t\t\t\t\t<\/h3>\r\n\t\t\t\t\t\t\t\t\t\t\r\n\t\t\t\t\t\t\t\t\t\t\t\t\t\t\t\t\r\n\t\t\t\t<\/div>\r\n\t\t\t\t\t\t\t\t\t<div class=\"imagebox-desc\">\r\n\t\t\t\t\t\t<p>The Slaughterhouse Department aims to process\u2026<\/p>\n\t\t\t\t\t<\/div>\r\n\t\t\t\t\t\t\t\t\r\n\t\t\t\t\t\r\n\t\t\t\t\t\t\t<\/div>\r\n\t\t<\/div>\r\n\t<\/div>\t\r\n[\/vc_column_inner][vc_column_inner width=&#8221;1\/3&#8243;]\t<div class=\"themesflat_imagebox  style4 themesflat_1524467305\">\r\n\t\t<div class=\"imagebox-wrapper\">\r\n\r\n\t\t\t\t\t\t\t\t\t\t\t<div class=\"imagebox-image\" style = \"border-radius:0px\">\r\n\t\t\t\t\t<a href=\"#\" ><img loading=\"lazy\" decoding=\"async\" class=\"\" src=\"https:\/\/novoshorizontes.net\/wp-content\/uploads\/2020\/03\/Frango-de-corte-4-360x200.jpg\" width=\"360\" height=\"200\" alt=\"Frango de corte (4)\" title=\"Frango de corte (4)\" \/><\/a>\t\t\t\t<\/div>\r\n\t\t\t\t\t\t\t\t\t\t\r\n\t\t\t\r\n\r\n\t\t\t<div class=\"imagebox-content\">\r\n\t\t\t\t\t\t\t\t<div class=\"imagebox-header\">\r\n\r\n\t\t\t\t\t\t\t\t\t\t\r\n\t\t\t\t\t<h3 class=\"imagebox-title\">\r\n\t\t\t\t\t\t<a href=\"#\">\r\n\t\t\t\t\t\t\tBroiler\t\t\t\t\t\t<\/a>\t\r\n\t\t\t\t\t<\/h3>\r\n\t\t\t\t\t\t\t\t\t\t\r\n\t\t\t\t\t\t\t\t\t\t\t\t\t\t\t\t\r\n\t\t\t\t<\/div>\r\n\t\t\t\t\t\t\t\t\t<div class=\"imagebox-desc\">\r\n\t\t\t\t\t\t<p>With our products, you can get an excellent rate of\u2026<\/p>\n\t\t\t\t\t<\/div>\r\n\t\t\t\t\t\t\t\t\r\n\t\t\t\t\t\r\n\t\t\t\t\t\t\t<\/div>\r\n\t\t<\/div>\r\n\t<\/div>\t\r\n\t<div class=\"themesflat_imagebox  style4 themesflat_1524467305\">\r\n\t\t<div class=\"imagebox-wrapper\">\r\n\r\n\t\t\t\t\t\t\t\t\t\t\t<div class=\"imagebox-image\" style = \"border-radius:0px\">\r\n\t\t\t\t\t<a href=\"#\" ><img loading=\"lazy\" decoding=\"async\" class=\"\" src=\"https:\/\/novoshorizontes.net\/wp-content\/uploads\/2020\/05\/shutterstock_263002952-1-360x200.jpg\" width=\"360\" height=\"200\" alt=\"shutterstock_263002952\" title=\"shutterstock_263002952\" \/><\/a>\t\t\t\t<\/div>\r\n\t\t\t\t\t\t\t\t\t\t\r\n\t\t\t\r\n\r\n\t\t\t<div class=\"imagebox-content\">\r\n\t\t\t\t\t\t\t\t<div class=\"imagebox-header\">\r\n\r\n\t\t\t\t\t\t\t\t\t\t\r\n\t\t\t\t\t<h3 class=\"imagebox-title\">\r\n\t\t\t\t\t\t<a href=\"#\">\r\n\t\t\t\t\t\t\tBee Project\t\t\t\t\t\t<\/a>\t\r\n\t\t\t\t\t<\/h3>\r\n\t\t\t\t\t\t\t\t\t\t\r\n\t\t\t\t\t\t\t\t\t\t\t\t\t\t\t\t\r\n\t\t\t\t<\/div>\r\n\t\t\t\t\t\t\t\t\t<div class=\"imagebox-desc\">\r\n\t\t\t\t\t\t<p>You can buy our honey at our facility, NHM at Rapale&#8230;<\/p>\n\t\t\t\t\t<\/div>\r\n\t\t\t\t\t\t\t\t\r\n\t\t\t\t\t\r\n\t\t\t\t\t\t\t<\/div>\r\n\t\t<\/div>\r\n\t<\/div>\t\r\n[\/vc_column_inner][\/vc_row_inner]\r\n\t\t<div class=\"themesflat-spacer \" data-desktop=\"105\" data-mobile=\"40\" data-smobile=\"30\">\t\t\t\r\n\t\t<\/div>[\/vc_column][\/vc_row][vc_row full_width=&#8221;stretch_row&#8221; default_id=&#8221;themesflat_1589316574&#8243; css=&#8221;.vc_custom_1589316652842{background-color: #ffb102 !important;}&#8221;][vc_column][vc_raw_html]JTNDZGl2JTIwaWQlM0QlMjJzdG9wJTIyJTIwY2xhc3MlM0QlMjJmbGF0LWNhbGwtYmFjayUyMiUyMHN0eWxlJTNEJTIyYm9yZGVyLXRvcCUzQSUyMDBweCUzQiUyMiUzRSUwQSUyMCUyMCUyMCUyMCUyMCUyMCUyMCUyMCUzQ2RpdiUyMGNsYXNzJTNEJTIyY29udGFpbmVyJTIyJTNFJTBBJTIwJTIwJTIwJTIwJTIwJTIwJTIwJTIwJTIwJTIwJTIwJTIwJTNDZGl2JTIwY2xhc3MlM0QlMjJyb3clMjIlM0UlMEElMjAlMjAlMjAlMjAlMjAlMjAlMjAlMjAlMjAlMjAlMjAlMjAlMjAlMjAlMjAlMjAlM0NkaXYlMjBjbGFzcyUzRCUyMmNvbC1tZC0xMiUyMiUzRSUwQSUyMCUyMCUyMCUyMCUyMCUyMCUyMCUyMCUyMCUyMCUyMCUyMCUyMCUyMCUyMCUyMCUyMCUyMCUyMCUyMCUzQ2RpdiUyMGNsYXNzJTNEJTIydGl0bGUtc2VjdGlvbiUyMiUzRSUwQSUyMCUyMCUyMCUyMCUyMCUyMCUyMCUyMCUyMCUyMCUyMCUyMCUyMCUyMCUyMCUyMCUyMCUyMCUyMCUyMCUyMCUyMCUyMCUzQ2g2JTNFS25vdyUyMGhvdyUyMHRvJTIwc3RhcnQlMjBhJTIwc3VjY2Vzc2Z1bCUyMGJ1c2luZXNzJTNGJTNDJTJGaDYlM0UlMEElMjAlMjAlMjAlMjAlMjAlMjAlMjAlMjAlMjAlMjAlMjAlMjAlMjAlMjAlMjAlMjAlMjAlMjAlMjAlMjAlM0MlMkZkaXYlM0UlMjAlMEElMjAlMjAlMjAlMjAlMjAlMjAlMjAlMjAlMjAlMjAlMjAlMjAlMjAlMjAlMjAlMjAlMjAlMjAlMjAlMjAlM0NhJTIwaHJlZiUzRCUyMiUyRmNvbnRhY3RvJTIyJTIwY2xhc3MlM0QlMjJidXR0b24tY29udGFjdCUyMiUzRUNvbnRhY3QlMjBVcyUyMFRvZGF5JTNDJTJGYSUzRSUyMCUyMCUyMCUyMCUyMCUyMCUyMCUyMCUyMCUyMCUyMCUyMCUyMCUyMCUyMCUyMCUyMCUyMCUyMCUyMCUwQSUyMCUyMCUyMCUyMCUyMCUyMCUyMCUyMCUyMCUyMCUyMCUyMCUyMCUyMCUyMCUyMCUzQyUyRmRpdiUzRSUyMCUyMCUyMCUyMCUyMCUyMCUyMCUyMCUyMCUyMCUyMCUwQSUyMCUyMCUyMCUyMCUyMCUyMCUyMCUyMCUyMCUyMCUyMCUyMCUzQyUyRmRpdiUzRSUwQSUyMCUyMCUyMCUyMCUyMCUyMCUyMCUyMCUzQyUyRmRpdiUzRSUwQSUyMCUyMCUyMCUyMCUzQyUyRmRpdiUzRQ==[\/vc_raw_html][\/vc_column][\/vc_row]<\/p>","protected":false},"excerpt":{"rendered":"<p>[vc_row full_width=&#8221;stretch_row&#8221; default_id=&#8221;themesflat_1524534705&#8243;][vc_column][vc_row_inner][vc_column_inner width=&#8221;1\/3&#8243;][\/vc_column_inner][vc_column_inner width=&#8221;1\/3&#8243;][\/vc_column_inner][vc_column_inner width=&#8221;1\/3&#8243;][\/vc_column_inner][\/vc_row_inner][\/vc_column][\/vc_row][vc_row full_width=&#8221;stretch_row&#8221; default_id=&#8221;themesflat_1589316574&#8243; css=&#8221;.vc_custom_1589316652842{background-color: #ffb102 !important;}&#8221;][vc_column][vc_raw_html]JTNDZGl2JTIwaWQlM0QlMjJzdG9wJTIyJTIwY2xhc3MlM0QlMjJmbGF0LWNhbGwtYmFjayUyMiUyMHN0eWxlJTNEJTIyYm9yZGVyLXRvcCUzQSUyMDBweCUzQiUyMiUzRSUwQSUyMCUyMCUyMCUyMCUyMCUyMCUyMCUyMCUzQ2RpdiUyMGNsYXNzJTNEJTIyY29udGFpbmVyJTIyJTNFJTBBJTIwJTIwJTIwJTIwJTIwJTIwJTIwJTIwJTIwJTIwJTIwJTIwJTNDZGl2JTIwY2xhc3MlM0QlMjJyb3clMjIlM0UlMEElMjAlMjAlMjAlMjAlMjAlMjAlMjAlMjAlMjAlMjAlMjAlMjAlMjAlMjAlMjAlMjAlM0NkaXYlMjBjbGFzcyUzRCUyMmNvbC1tZC0xMiUyMiUzRSUwQSUyMCUyMCUyMCUyMCUyMCUyMCUyMCUyMCUyMCUyMCUyMCUyMCUyMCUyMCUyMCUyMCUyMCUyMCUyMCUyMCUzQ2RpdiUyMGNsYXNzJTNEJTIydGl0bGUtc2VjdGlvbiUyMiUzRSUwQSUyMCUyMCUyMCUyMCUyMCUyMCUyMCUyMCUyMCUyMCUyMCUyMCUyMCUyMCUyMCUyMCUyMCUyMCUyMCUyMCUyMCUyMCUyMCUzQ2g2JTNFS25vdyUyMGhvdyUyMHRvJTIwc3RhcnQlMjBhJTIwc3VjY2Vzc2Z1bCUyMGJ1c2luZXNzJTNGJTNDJTJGaDYlM0UlMEElMjAlMjAlMjAlMjAlMjAlMjAlMjAlMjAlMjAlMjAlMjAlMjAlMjAlMjAlMjAlMjAlMjAlMjAlMjAlMjAlM0MlMkZkaXYlM0UlMjAlMEElMjAlMjAlMjAlMjAlMjAlMjAlMjAlMjAlMjAlMjAlMjAlMjAlMjAlMjAlMjAlMjAlMjAlMjAlMjAlMjAlM0NhJTIwaHJlZiUzRCUyMiUyRmNvbnRhY3RvJTIyJTIwY2xhc3MlM0QlMjJidXR0b24tY29udGFjdCUyMiUzRUNvbnRhY3QlMjBVcyUyMFRvZGF5JTNDJTJGYSUzRSUyMCUyMCUyMCUyMCUyMCUyMCUyMCUyMCUyMCUyMCUyMCUyMCUyMCUyMCUyMCUyMCUyMCUyMCUyMCUyMCUwQSUyMCUyMCUyMCUyMCUyMCUyMCUyMCUyMCUyMCUyMCUyMCUyMCUyMCUyMCUyMCUyMCUzQyUyRmRpdiUzRSUyMCUyMCUyMCUyMCUyMCUyMCUyMCUyMCUyMCUyMCUyMCUwQSUyMCUyMCUyMCUyMCUyMCUyMCUyMCUyMCUyMCUyMCUyMCUyMCUzQyUyRmRpdiUzRSUwQSUyMCUyMCUyMCUyMCUyMCUyMCUyMCUyMCUzQyUyRmRpdiUzRSUwQSUyMCUyMCUyMCUyMCUzQyUyRmRpdiUzRQ==[\/vc_raw_html][\/vc_column][\/vc_row]<\/p>\n","protected":false},"author":7,"featured_media":0,"parent":0,"menu_order":0,"comment_status":"closed","ping_status":"closed","template":"tpl\/page_fullwidth.php","meta":{"_exactmetrics_skip_tracking":false,"_exactmetrics_sitenote_active":false,"_exactmetrics_sitenote_note":"","_exactmetrics_sitenote_category":0,"footnotes":""},"class_list":["post-688","page","type-page","status-publish","hentry"],"_links":{"self":[{"href":"https:\/\/novoshorizontes.net\/en\/wp-json\/wp\/v2\/pages\/688"}],"collection":[{"href":"https:\/\/novoshorizontes.net\/en\/wp-json\/wp\/v2\/pages"}],"about":[{"href":"https:\/\/novoshorizontes.net\/en\/wp-json\/wp\/v2\/types\/page"}],"author":[{"embeddable":true,"href":"https:\/\/novoshorizontes.net\/en\/wp-json\/wp\/v2\/users\/7"}],"replies":[{"embeddable":true,"href":"https:\/\/novoshorizontes.net\/en\/wp-json\/wp\/v2\/comments?post=688"}],"version-history":[{"count":5,"href":"https:\/\/novoshorizontes.net\/en\/wp-json\/wp\/v2\/pages\/688\/revisions"}],"predecessor-version":[{"id":2917,"href":"https:\/\/novoshorizontes.net\/en\/wp-json\/wp\/v2\/pages\/688\/revisions\/2917"}],"wp:attachment":[{"href":"https:\/\/novoshorizontes.net\/en\/wp-json\/wp\/v2\/media?parent=688"}],"curies":[{"name":"wp","href":"https:\/\/api.w.org\/{rel}","templated":true}]}}